{"id":2,"date":"2016-07-17T18:06:32","date_gmt":"2016-07-17T16:06:32","guid":{"rendered":"http:\/\/www.photo-chameleon.com\/wp\/?page_id=2"},"modified":"2025-06-20T13:33:23","modified_gmt":"2025-06-20T11:33:23","slug":"beispiel-seite","status":"publish","type":"page","link":"https:\/\/www.photo-chameleon.com\/?page_id=2","title":{"rendered":"Impressum"},"content":{"rendered":"<p>F\u00fcr den Inhalt verantwortlich:<\/p>\n<p>Stephan Natschl\u00e4ger<br \/>\nBruno-Gallee-Weg 10\/20<br \/>\n4060 Leonding<br \/>\n\u00d6sterreich<br \/>\n0680 \/ 3326450<\/p>\n<p>Die Urheberrechte an allem auf der Homepage www.photo-chameleon.com (Seite von Stephan Natschl\u00e4ger) vorhandenen Material, egal ob Fotos, Graphiken, Texte oder Informationen, liegen bei Stephan Natschl\u00e4ger, sofern nicht anders ausgewiesen.<\/p>\n<p>Diese Inhalte d\u00fcfen nur f\u00fcr den pers\u00f6nlichen Gebrauch verwendet werden. Jede dar\u00fcber hinausgehende Nutzung, insbesondere die Speicherung in Datenbanken, Vervielf\u00e4ltigung, Bearbeitung, Verbreitung, jede Form der gewerblichen Nutzung, die Weitergabe an Dritte (auch in Teilen) ist ohne vorherige schriftliche Erlaubnis untersagt.<\/p>\n<p>Wir \u00fcbernehmen keine Verantwortung und Haftung f\u00fcr den Inhalt von Seiten, auf die wir verlinken. Zum Zeitpunkt der Verlinkung waren diese Seiten frei von rechtswidrigen Inhalten; Sollten sich auf einer verlinkten Seite solche befinden, werden wir die Links umgehend entfernen, sobald wir davon Kenntnis erlangen.<\/p>\n<p>Die Informationen auf dieser Seite sind nach bestem Wissen und Gewissen gesammelt worden. Wir haften nicht f\u00fcr Sch\u00e4den oder Verluste jedweder Art, die durch den Gebrauch dieser Informationen entstanden sind, und es sind daraus keine Ansp\u00fcche abzuleiten.<\/p>\n<p><img loading=\"lazy\" decoding=\"async\" class=\"size-medium wp-image-982\" src=\"http:\/\/www.photo-chameleon.com\/wp\/wp-content\/uploads\/2017\/09\/20170903_Ich_0001-300x300.jpg\" alt=\"Stephan Natschlaeger\" width=\"300\" height=\"300\" srcset=\"https:\/\/www.photo-chameleon.com\/wp\/wp-content\/uploads\/2017\/09\/20170903_Ich_0001-300x300.jpg 300w, https:\/\/www.photo-chameleon.com\/wp\/wp-content\/uploads\/2017\/09\/20170903_Ich_0001-150x150.jpg 150w, https:\/\/www.photo-chameleon.com\/wp\/wp-content\/uploads\/2017\/09\/20170903_Ich_0001-768x768.jpg 768w, https:\/\/www.photo-chameleon.com\/wp\/wp-content\/uploads\/2017\/09\/20170903_Ich_0001-830x830.jpg 830w, https:\/\/www.photo-chameleon.com\/wp\/wp-content\/uploads\/2017\/09\/20170903_Ich_0001-230x230.jpg 230w, https:\/\/www.photo-chameleon.com\/wp\/wp-content\/uploads\/2017\/09\/20170903_Ich_0001-350x350.jpg 350w, https:\/\/www.photo-chameleon.com\/wp\/wp-content\/uploads\/2017\/09\/20170903_Ich_0001-480x480.jpg 480w, https:\/\/www.photo-chameleon.com\/wp\/wp-content\/uploads\/2017\/09\/20170903_Ich_0001.jpg 1000w\" sizes=\"auto, (max-width: 300px) 100vw, 300px\" \/><\/p>\n","protected":false},"excerpt":{"rendered":"<p>F\u00fcr den Inhalt verantwortlich: Stephan Natschl\u00e4ger Bruno-Gallee-Weg 10\/20 4060 Leonding \u00d6sterreich 0680 \/ 3326450 Die Urheberrechte an allem auf der Homepage www.photo-chameleon.com [&hellip;]<\/p>\n","protected":false},"author":1,"featured_media":0,"parent":0,"menu_order":0,"comment_status":"closed","ping_status":"open","template":"","meta":{"footnotes":""},"class_list":["post-2","page","type-page","status-publish","hentry"],"_links":{"self":[{"href":"https:\/\/www.photo-chameleon.com\/index.php?rest_route=\/wp\/v2\/pages\/2","targetHints":{"allow":["GET"]}}],"collection":[{"href":"https:\/\/www.photo-chameleon.com\/index.php?rest_route=\/wp\/v2\/pages"}],"about":[{"href":"https:\/\/www.photo-chameleon.com\/index.php?rest_route=\/wp\/v2\/types\/page"}],"author":[{"embeddable":true,"href":"https:\/\/www.photo-chameleon.com\/index.php?rest_route=\/wp\/v2\/users\/1"}],"replies":[{"embeddable":true,"href":"https:\/\/www.photo-chameleon.com\/index.php?rest_route=%2Fwp%2Fv2%2Fcomments&post=2"}],"version-history":[{"count":14,"href":"https:\/\/www.photo-chameleon.com\/index.php?rest_route=\/wp\/v2\/pages\/2\/revisions"}],"predecessor-version":[{"id":3819,"href":"https:\/\/www.photo-chameleon.com\/index.php?rest_route=\/wp\/v2\/pages\/2\/revisions\/3819"}],"wp:attachment":[{"href":"https:\/\/www.photo-chameleon.com\/index.php?rest_route=%2Fwp%2Fv2%2Fmedia&parent=2"}],"curies":[{"name":"wp","href":"https:\/\/api.w.org\/{rel}","templated":true}]}}